{"id":94,"date":"2015-11-01T16:36:43","date_gmt":"2015-11-01T16:36:43","guid":{"rendered":"http:\/\/test.carboneum.net\/spitzes\/?page_id=94"},"modified":"2017-02-25T16:15:36","modified_gmt":"2017-02-25T16:15:36","slug":"kassiopeia-hvezda-rajhradu","status":"publish","type":"page","link":"https:\/\/carboneum.net\/spitzes\/kassiopeia-hvezda-rajhradu\/","title":{"rendered":"Kassiopeia Hv\u011bzda Rajhradu"},"content":{"rendered":"<p>narozen\u00e1 15\/12\/2013<br \/>\n\u010cesk\u00fd \u0161ampi\u00f3n<br \/>\n\u010cesk\u00fd junior \u0161ampi\u00f3n<br \/>\n<strong>C.I.B.<\/strong><img loading=\"lazy\" decoding=\"async\" src=\"http:\/\/test.carboneum.net\/spitzes\/wp-content\/uploads\/2017\/02\/pixie_main-300x263.jpg\" alt=\"\" width=\"300\" height=\"263\" class=\"aligncenter size-medium wp-image-196\" srcset=\"https:\/\/carboneum.net\/spitzes\/wp-content\/uploads\/2017\/02\/pixie_main-300x263.jpg 300w, https:\/\/carboneum.net\/spitzes\/wp-content\/uploads\/2017\/02\/pixie_main-768x672.jpg 768w, https:\/\/carboneum.net\/spitzes\/wp-content\/uploads\/2017\/02\/pixie_main.jpg 800w\" sizes=\"(max-width: 300px) 100vw, 300px\" \/><\/p>\n","protected":false},"excerpt":{"rendered":"<p>narozen\u00e1 15\/12\/2013 \u010cesk\u00fd \u0161ampi\u00f3n \u010cesk\u00fd junior \u0161ampi\u00f3n C.I.B.<\/p>\n","protected":false},"author":1,"featured_media":0,"parent":0,"menu_order":0,"comment_status":"closed","ping_status":"closed","template":"","meta":{"footnotes":""},"_links":{"self":[{"href":"https:\/\/carboneum.net\/spitzes\/wp-json\/wp\/v2\/pages\/94"}],"collection":[{"href":"https:\/\/carboneum.net\/spitzes\/wp-json\/wp\/v2\/pages"}],"about":[{"href":"https:\/\/carboneum.net\/spitzes\/wp-json\/wp\/v2\/types\/page"}],"author":[{"embeddable":true,"href":"https:\/\/carboneum.net\/spitzes\/wp-json\/wp\/v2\/users\/1"}],"replies":[{"embeddable":true,"href":"https:\/\/carboneum.net\/spitzes\/wp-json\/wp\/v2\/comments?post=94"}],"version-history":[{"count":10,"href":"https:\/\/carboneum.net\/spitzes\/wp-json\/wp\/v2\/pages\/94\/revisions"}],"predecessor-version":[{"id":212,"href":"https:\/\/carboneum.net\/spitzes\/wp-json\/wp\/v2\/pages\/94\/revisions\/212"}],"wp:attachment":[{"href":"https:\/\/carboneum.net\/spitzes\/wp-json\/wp\/v2\/media?parent=94"}],"curies":[{"name":"wp","href":"https:\/\/api.w.org\/{rel}","templated":true}]}}