{"id":255,"date":"2017-03-12T18:45:06","date_gmt":"2017-03-12T17:45:06","guid":{"rendered":"http:\/\/www.carboneum.net\/spitzes\/?page_id=255"},"modified":"2017-03-31T08:44:00","modified_gmt":"2017-03-31T06:44:00","slug":"kontakty","status":"publish","type":"page","link":"https:\/\/carboneum.net\/spitzes\/kontakty\/","title":{"rendered":"Kontakty"},"content":{"rendered":"<p><strong>CARBONEUM<\/strong><br \/>\n<strong><br \/>\nHana Skot\u00e1kov\u00e1<\/strong><br \/>\nT\u011bpt\u00edn, T\u00e1hl\u00e1 824<br \/>\n251 68 Kamenice<br \/>\nCzech Republic<\/p>\n<p><strong>hana@carboneum.net<\/strong><\/p>\n<p>phone: +420 323 605 225<br \/>\nmobile: +420 606 710 502<\/p>\n","protected":false},"excerpt":{"rendered":"<p>CARBONEUM Hana Skot\u00e1kov\u00e1 T\u011bpt\u00edn, T\u00e1hl\u00e1 824 251 68 Kamenice Czech Republic hana@carboneum.net phone: +420 323 605 225 mobile: +420 606 710 502<\/p>\n","protected":false},"author":1,"featured_media":0,"parent":0,"menu_order":0,"comment_status":"closed","ping_status":"closed","template":"","meta":{"footnotes":""},"_links":{"self":[{"href":"https:\/\/carboneum.net\/spitzes\/wp-json\/wp\/v2\/pages\/255"}],"collection":[{"href":"https:\/\/carboneum.net\/spitzes\/wp-json\/wp\/v2\/pages"}],"about":[{"href":"https:\/\/carboneum.net\/spitzes\/wp-json\/wp\/v2\/types\/page"}],"author":[{"embeddable":true,"href":"https:\/\/carboneum.net\/spitzes\/wp-json\/wp\/v2\/users\/1"}],"replies":[{"embeddable":true,"href":"https:\/\/carboneum.net\/spitzes\/wp-json\/wp\/v2\/comments?post=255"}],"version-history":[{"count":3,"href":"https:\/\/carboneum.net\/spitzes\/wp-json\/wp\/v2\/pages\/255\/revisions"}],"predecessor-version":[{"id":303,"href":"https:\/\/carboneum.net\/spitzes\/wp-json\/wp\/v2\/pages\/255\/revisions\/303"}],"wp:attachment":[{"href":"https:\/\/carboneum.net\/spitzes\/wp-json\/wp\/v2\/media?parent=255"}],"curies":[{"name":"wp","href":"https:\/\/api.w.org\/{rel}","templated":true}]}}