{"id":203,"date":"2017-02-25T16:05:48","date_gmt":"2017-02-25T16:05:48","guid":{"rendered":"http:\/\/test.carboneum.net\/spitzes\/?page_id=203"},"modified":"2017-02-25T16:09:16","modified_gmt":"2017-02-25T16:09:16","slug":"kassiopeia-shows","status":"publish","type":"page","link":"https:\/\/carboneum.net\/spitzes\/kassiopeia-hvezda-rajhradu\/kassiopeia-shows\/","title":{"rendered":"Kassiopeia v\u00fdstavy"},"content":{"rendered":"<p><strong>13.04.2016\t\u010cesk\u00fd \u0160ampion<\/strong><br \/>\n10.04.2016\tNVP Ostrava\tV1, CAC\t\u0160imek<br \/>\n11.10.2015\tIDS Kom\u00e1rom\tV1, CAC, CACIB, BOB\tK. A.<br \/>\n10.10.2015\tIDS Kom\u00e1rom\tV1, CAC, r. CACIB\tS.<br \/>\n4.10.2015\t        Rybnik\tV1, CWC, BOS, BOB\tXX<br \/>\n6.09.2015\t        KV Mlad\u00e1 Boleslav\tV2, r. CAC\tK. Van\u00ed\u010dkov\u00e1<br \/>\n<strong>13.06.2015\tWDS Milano\tV1 mezit\u0159\u00edda, R. CAC\tNagler<\/strong><br \/>\n30.05.2015\tIDS Leszno PL\tV1, CWC, BOS, BOB\tE. Augustyniak<br \/>\n17.05.2015\tKV Zbraslav\tV1, CAC\tL. Jonasov\u00e1<br \/>\n16.05.2015\tSV Zbraslav\tV1, CAC\tKrasowska<br \/>\n3.05.2015\t        IDS Praha\tV1, CAC, CACIB, BOS\tM. Maru\u0161kov\u00e1<br \/>\n25.04.2015\t\u010cesk\u00e9 Bud\u011bjovice\tV1, CAC, r. CACIB\tK. Van\u00ed\u010dkov\u00e1<br \/>\n18.04.2015\tMiskolc \tV1, HPJ, Madarsk\u00fd Junior \u0160ampion\tB.Z.<br \/>\n18.04.2015\tIDS Miskolc \tV1, CAC, r. CACIB\tKelemen<br \/>\n<strong>4.01.2015\t\t\u010cesk\u00fd Junior \u0161ampion\t<\/strong><br \/>\n4.01.2015\t        NDS Brno\tV1, CAJC, BOJ,BOS\tM. V\u00e1clav\u00edk<br \/>\n<strong>23.10.2014\tEuropean Dog Show Brno\tV2, Vice European Junior Winner\tKlein<\/strong><br \/>\n12.10.2014\tIDS Kom\u00e1rom\tHPJ, BOS, Derby Winner \tS,<br \/>\n11.10.2014\tKom\u00e1rom\t HPJ, Best Junor\tV. B.<br \/>\n29.09.2014\tBrno\tV1, CAJC, BOJ\tO. Vondrou\u0161<br \/>\n21.09.2014\t\u010cesk\u00e9 Bud\u011bjovice \tV1, CAJC, BOJ\tT. Havelka<\/p>\n","protected":false},"excerpt":{"rendered":"<p>13.04.2016 \u010cesk\u00fd \u0160ampion 10.04.2016 NVP Ostrava V1, CAC \u0160imek 11.10.2015 IDS Kom\u00e1rom V1, CAC, CACIB, BOB K. A. 10.10.2015 IDS Kom\u00e1rom V1, CAC, r. CACIB S. 4.10.2015 Rybnik V1, CWC, BOS, BOB XX 6.09.2015 KV Mlad\u00e1 Boleslav V2, r. CAC K. Van\u00ed\u010dkov\u00e1 13.06.2015 WDS Milano V1 mezit\u0159\u00edda, R. CAC Nagler 30.05.2015 IDS Leszno PL V1, [&hellip;]<\/p>\n","protected":false},"author":1,"featured_media":0,"parent":94,"menu_order":0,"comment_status":"closed","ping_status":"closed","template":"","meta":{"footnotes":""},"_links":{"self":[{"href":"https:\/\/carboneum.net\/spitzes\/wp-json\/wp\/v2\/pages\/203"}],"collection":[{"href":"https:\/\/carboneum.net\/spitzes\/wp-json\/wp\/v2\/pages"}],"about":[{"href":"https:\/\/carboneum.net\/spitzes\/wp-json\/wp\/v2\/types\/page"}],"author":[{"embeddable":true,"href":"https:\/\/carboneum.net\/spitzes\/wp-json\/wp\/v2\/users\/1"}],"replies":[{"embeddable":true,"href":"https:\/\/carboneum.net\/spitzes\/wp-json\/wp\/v2\/comments?post=203"}],"version-history":[{"count":3,"href":"https:\/\/carboneum.net\/spitzes\/wp-json\/wp\/v2\/pages\/203\/revisions"}],"predecessor-version":[{"id":207,"href":"https:\/\/carboneum.net\/spitzes\/wp-json\/wp\/v2\/pages\/203\/revisions\/207"}],"up":[{"embeddable":true,"href":"https:\/\/carboneum.net\/spitzes\/wp-json\/wp\/v2\/pages\/94"}],"wp:attachment":[{"href":"https:\/\/carboneum.net\/spitzes\/wp-json\/wp\/v2\/media?parent=203"}],"curies":[{"name":"wp","href":"https:\/\/api.w.org\/{rel}","templated":true}]}}